{"id":7604,"date":"2024-12-03T18:11:23","date_gmt":"2024-12-03T17:11:23","guid":{"rendered":"https:\/\/inmobrisa.com\/testimonios\/"},"modified":"2025-09-26T13:52:33","modified_gmt":"2025-09-26T11:52:33","slug":"temoignages","status":"publish","type":"page","link":"https:\/\/inmobrisa.com\/fr\/temoignages\/","title":{"rendered":"T\u00e9moignages"},"content":{"rendered":"\t\t<div data-elementor-type=\"wp-page\" data-elementor-id=\"7604\" class=\"elementor elementor-7604 elementor-4423\">\n\t\t\t\t<div class=\"elementor-element elementor-element-a444dec e-con-full e-flex e-con e-parent\" data-id=\"a444dec\" data-element_type=\"container\">\n\t\t<div class=\"elementor-element elementor-element-121253d e-con-full e-flex e-con e-child\" data-id=\"121253d\" data-element_type=\"container\" data-settings=\"{&quot;background_background&quot;:&quot;classic&quot;}\">\n\t\t\t\t<div class=\"elementor-element elementor-element-d37140c elementor-widget elementor-widget-heading\" data-id=\"d37140c\" data-element_type=\"widget\" data-widget_type=\"heading.default\">\n\t\t\t\t<div class=\"elementor-widget-container\">\n\t\t\t\t\t<h2 class=\"elementor-heading-title elementor-size-default\">T\u00e9moignages<\/h2>\t\t\t\t<\/div>\n\t\t\t\t<\/div>\n\t\t\t\t<div class=\"elementor-element elementor-element-5416d44 elementor-widget elementor-widget-heading\" data-id=\"5416d44\" data-element_type=\"widget\" data-widget_type=\"heading.default\">\n\t\t\t\t<div class=\"elementor-widget-container\">\n\t\t\t\t\t<h2 class=\"elementor-heading-title elementor-size-default\">Avis qui garantissent notre travail immobilier<\/h2>\t\t\t\t<\/div>\n\t\t\t\t<\/div>\n\t\t\t\t<\/div>\n\t\t\t\t<\/div>\n\t\t<div class=\"elementor-element elementor-element-3d49a47 e-flex e-con-boxed e-con e-parent\" data-id=\"3d49a47\" data-element_type=\"container\">\n\t\t\t\t\t<div class=\"e-con-inner\">\n\t\t\t\t<div class=\"elementor-element elementor-element-ba7ff62 elementor-widget elementor-widget-heading\" data-id=\"ba7ff62\" data-element_type=\"widget\" data-widget_type=\"heading.default\">\n\t\t\t\t<div class=\"elementor-widget-container\">\n\t\t\t\t\t<h2 class=\"elementor-heading-title elementor-size-default\">Les mots de nos clients : notre meilleure carte de visite<\/h2>\t\t\t\t<\/div>\n\t\t\t\t<\/div>\n\t\t\t\t<div class=\"elementor-element elementor-element-d367309 elementor-widget elementor-widget-text-editor\" data-id=\"d367309\" data-element_type=\"widget\" data-widget_type=\"text-editor.default\">\n\t\t\t\t<div class=\"elementor-widget-container\">\n\t\t\t\t\t\t\t\t\t<p>Dans notre agence immobili\u00e8re, la confiance et l&#8217;exp\u00e9rience sont des piliers fondamentaux. Chaque t\u00e9moignage que nous partageons refl\u00e8te notre engagement envers les besoins de nos clients. Nous sommes fiers d&#8217;avoir fait partie de leurs histoires, en les aidant \u00e0 trouver la maison ou l&#8217;investissement de leurs r\u00eaves. Merci de nous faire confiance ; vos mots nous inspirent \u00e0 nous am\u00e9liorer chaque jour.<\/p>\t\t\t\t\t\t\t\t<\/div>\n\t\t\t\t<\/div>\n\t\t\t\t\t<\/div>\n\t\t\t\t<\/div>\n\t\t<div class=\"elementor-element elementor-element-fa77360 e-flex e-con-boxed e-con e-parent\" data-id=\"fa77360\" data-element_type=\"container\">\n\t\t\t\t\t<div class=\"e-con-inner\">\n\t\t\t\t<div class=\"elementor-element elementor-element-2d5b782 elementor-widget elementor-widget-html\" data-id=\"2d5b782\" data-element_type=\"widget\" data-widget_type=\"html.default\">\n\t\t\t\t<div class=\"elementor-widget-container\">\n\t\t\t\t\t<script src=\"https:\/\/static.elfsight.com\/platform\/platform.js\" async><\/script>\r\n<div class=\"elfsight-app-e195982c-1191-4904-9dd4-e7ca7ec85802\" data-elfsight-app-lazy><\/div>\t\t\t\t<\/div>\n\t\t\t\t<\/div>\n\t\t\t\t\t<\/div>\n\t\t\t\t<\/div>\n\t\t\t\t<\/div>\n\t\t","protected":false},"excerpt":{"rendered":"<p>T\u00e9moignages Avis qui garantissent notre travail immobilier Les mots de nos clients : notre meilleure carte de visite Dans notre agence immobili\u00e8re, la confiance et l&#8217;exp\u00e9rience sont des piliers fondamentaux. Chaque t\u00e9moignage que nous partageons refl\u00e8te notre engagement envers les besoins de nos clients. Nous sommes fiers d&#8217;avoir fait partie de leurs histoires, en les [&hellip;]<\/p>\n","protected":false},"author":2,"featured_media":0,"parent":0,"menu_order":0,"comment_status":"closed","ping_status":"closed","template":"elementor_header_footer","meta":{"footnotes":""},"class_list":["post-7604","page","type-page","status-publish","hentry"],"_links":{"self":[{"href":"https:\/\/inmobrisa.com\/fr\/wp-json\/wp\/v2\/pages\/7604","targetHints":{"allow":["GET"]}}],"collection":[{"href":"https:\/\/inmobrisa.com\/fr\/wp-json\/wp\/v2\/pages"}],"about":[{"href":"https:\/\/inmobrisa.com\/fr\/wp-json\/wp\/v2\/types\/page"}],"author":[{"embeddable":true,"href":"https:\/\/inmobrisa.com\/fr\/wp-json\/wp\/v2\/users\/2"}],"replies":[{"embeddable":true,"href":"https:\/\/inmobrisa.com\/fr\/wp-json\/wp\/v2\/comments?post=7604"}],"version-history":[{"count":7,"href":"https:\/\/inmobrisa.com\/fr\/wp-json\/wp\/v2\/pages\/7604\/revisions"}],"predecessor-version":[{"id":12843857,"href":"https:\/\/inmobrisa.com\/fr\/wp-json\/wp\/v2\/pages\/7604\/revisions\/12843857"}],"wp:attachment":[{"href":"https:\/\/inmobrisa.com\/fr\/wp-json\/wp\/v2\/media?parent=7604"}],"curies":[{"name":"wp","href":"https:\/\/api.w.org\/{rel}","templated":true}]}}