{"id":7663,"date":"2024-12-10T18:56:21","date_gmt":"2024-12-10T17:56:21","guid":{"rendered":"https:\/\/inmobrisa.com\/politica-de-cookies\/"},"modified":"2025-03-17T17:04:50","modified_gmt":"2025-03-17T16:04:50","slug":"politique-des-cookies","status":"publish","type":"page","link":"https:\/\/inmobrisa.com\/fr\/politique-des-cookies\/","title":{"rendered":"Politique des cookies"},"content":{"rendered":"\t\t<div data-elementor-type=\"wp-page\" data-elementor-id=\"7663\" class=\"elementor elementor-7663 elementor-4799\">\n\t\t\t\t<div class=\"elementor-element elementor-element-35a4431 e-flex e-con-boxed e-con e-parent\" data-id=\"35a4431\" data-element_type=\"container\">\n\t\t\t\t\t<div class=\"e-con-inner\">\n\t\t\t\t<div class=\"elementor-element elementor-element-6baf29e elementor-widget elementor-widget-heading\" data-id=\"6baf29e\" data-element_type=\"widget\" data-widget_type=\"heading.default\">\n\t\t\t\t<div class=\"elementor-widget-container\">\n\t\t\t\t\t<h2 class=\"elementor-heading-title elementor-size-default\">Politique des cookies<\/h2>\t\t\t\t<\/div>\n\t\t\t\t<\/div>\n\t\t\t\t<div class=\"elementor-element elementor-element-c8eaae6 elementor-widget elementor-widget-text-editor\" data-id=\"c8eaae6\" data-element_type=\"widget\" data-widget_type=\"text-editor.default\">\n\t\t\t\t<div class=\"elementor-widget-container\">\n\t\t\t\t\t\t\t\t\t<div>Les cookies sont des identifiants que nous envoyons sur le disque dur de votre ordinateur via votre navigateur web afin que nos syst\u00e8mes puissent reconna\u00eetre votre navigateur et vous offrir certains services. En g\u00e9n\u00e9ral, ces technologies peuvent servir \u00e0 diverses finalit\u00e9s, comme vous reconna\u00eetre en tant qu&#8217;utilisateur, obtenir des informations sur vos habitudes de navigation ou personnaliser la mani\u00e8re dont le contenu est affich\u00e9. Cette page utilise diff\u00e9rents types de cookies. Certains cookies sont plac\u00e9s par des services tiers qui apparaissent sur nos pages. Les cookies peuvent \u00eatre :<h3>Cookies de pr\u00e9f\u00e9rences<\/h3><p>Les cookies de pr\u00e9f\u00e9rences permettent au site web de m\u00e9moriser des informations modifiant son comportement ou son apparence, telles que votre langue pr\u00e9f\u00e9r\u00e9e ou la r\u00e9gion o\u00f9 vous vous trouvez.<\/p><h3>Cookies statistiques<\/h3><p>Les cookies statistiques aident les propri\u00e9taires de sites web \u00e0 comprendre comment les visiteurs interagissent avec les sites en collectant et en communiquant des informations de mani\u00e8re anonyme. Pour d\u00e9sactiver les cookies de Google Analytics, vous pouvez installer le module compl\u00e9mentaire de d\u00e9sactivation pour navigateurs de Google Analytics, disponible sur le lien suivant : https:\/\/tools.google.com\/dlpage\/gaoptout?hl=fr<\/p><h3>Cookies de marketing<\/h3><p>Les cookies de marketing sont utilis\u00e9s pour suivre les visiteurs sur les sites web. Leur but est d&#8217;afficher des publicit\u00e9s pertinentes et attrayantes pour chaque utilisateur, et donc plus utiles pour les \u00e9diteurs et les annonceurs tiers.<\/p><h4><strong>COMMENT D\u00c9SACTIVER LES COOKIES SUR LES PRINCIPAUX NAVIGATEURS :<\/strong><\/h4><p>Il est g\u00e9n\u00e9ralement possible d&#8217;arr\u00eater d&#8217;accepter les cookies de votre navigateur ou ceux d&#8217;un service en particulier.<\/p><p>Tous les navigateurs modernes permettent de modifier les param\u00e8tres des cookies. Ces param\u00e8tres se trouvent g\u00e9n\u00e9ralement dans les menus \u00ab options \u00bb ou \u00ab pr\u00e9f\u00e9rences \u00bb de votre navigateur. Vous pouvez \u00e9galement configurer votre navigateur ou gestionnaire de courrier \u00e9lectronique.<\/p><p>Voici comment acc\u00e9der au menu de configuration des cookies et, le cas \u00e9ch\u00e9ant, \u00e0 la navigation priv\u00e9e dans chaque navigateur :<\/p><p>Internet Explorer : Outils -&gt; Options Internet -&gt; Confidentialit\u00e9 -&gt; Param\u00e8tres. Pour plus d&#8217;informations, consultez le support de Microsoft ou l&#8217;aide du navigateur.<\/p><p>Firefox : Outils -&gt; Options -&gt; Confidentialit\u00e9 -&gt; Historique -&gt; Param\u00e8tres personnalis\u00e9s. Pour plus d&#8217;informations, consultez le support de Mozilla ou l&#8217;aide du navigateur.<\/p><p>Chrome : Param\u00e8tres -&gt; Afficher les param\u00e8tres avanc\u00e9s -&gt; Confidentialit\u00e9 -&gt; Param\u00e8tres du contenu. Pour plus d&#8217;informations, consultez le support de Google ou l&#8217;aide du navigateur.<\/p><p>Safari : Pr\u00e9f\u00e9rences -&gt; S\u00e9curit\u00e9. Pour plus d&#8217;informations, consultez le support d&#8217;Apple ou l&#8217;aide du navigateur.<\/p><p>Que se passe-t-il si les cookies sont d\u00e9sactiv\u00e9s ?<\/p><p>Certaines fonctionnalit\u00e9s des services seront d\u00e9sactiv\u00e9es.<\/p><\/div><div><h3><u>Cookies utilis\u00e9s :<\/u><\/h3><p>Ci-dessous, les cookies utilis\u00e9s par la page :<\/p><table border=\"0px\" cellspacing=\"0px\" cellpadding=\"0px\"><tbody><tr><td><strong>Nom<\/strong><\/td><td><strong>Type<\/strong><\/td><td><strong>Description\/Finalit\u00e9<\/strong><\/td><td><strong>Dur\u00e9e<\/strong><\/td><td><strong>Propri\u00e9taire<\/strong><\/td><td><strong>Accepter<\/strong><\/td><\/tr><tr><td><strong>cookies_accepted,<br \/>cookies_accepted_vdf,<br \/>cookies_accepted_add_1, cookies_accepted_metric, cookies_accepted_google<\/strong><\/td><td>Technique<\/td><td>Activation\/d\u00e9sactivation de la barre d&#8217;information sur les cookies.<\/td><td>1 an \u00e0 partir du d\u00e9but, session du navigateur.<\/td><td>Inmovilla<\/td><td><input id=\"cookies_accepted_ca\" checked=\"checked\" disabled=\"disabled\" type=\"checkbox\" \/>\u00a0Cookie n\u00e9cessaire<\/td><\/tr><tr><td><strong>PHPSESSID<\/strong><\/td><td>Technique<\/td><td>Informations de connexion, pour un chargement rapide de la page<\/td><td>Session<\/td><td>Inmovilla<\/td><td><input id=\"cookies_accepted_phpsid\" checked=\"checked\" disabled=\"disabled\" type=\"checkbox\" \/>\u00a0Cookie n\u00e9cessaire<\/td><\/tr><tr><td><strong>vistas,<br \/>favoritas,<br \/>descartadas<\/strong><\/td><td>Cookies de pr\u00e9f\u00e9rences<\/td><td>Ces cookies enregistrent les propri\u00e9t\u00e9s consult\u00e9es, rejet\u00e9es ou favorites.<\/td><td>Session<\/td><td>Inmovilla<\/td><td><input id=\"cookies_accepted_vdf\" type=\"checkbox\" \/><\/td><\/tr><\/tbody><\/table><h3><u>Cookies tiers :<\/u><\/h3><table border=\"0px\" cellspacing=\"0px\" cellpadding=\"0px\"><tbody><tr><td><strong>Nom<\/strong><\/td><td><strong>Type<\/strong><\/td><td><strong>Description\/Finalit\u00e9<\/strong><\/td><td><strong>Dur\u00e9e<\/strong><\/td><td><strong>Propri\u00e9taire<\/strong><\/td><td><strong>Accepter<\/strong><\/td><\/tr><tr><td><strong>__cfduid<\/strong><\/td><td>Technique<\/td><td>Utilis\u00e9 par CloudFlare pour identifier le trafic web fiable. Ne contient aucune donn\u00e9e personnelle.<\/td><td>1 an d\u00e8s le d\u00e9but de session<\/td><td>CloudFlare<\/td><td rowspan=\"2\"><input id=\"cookies_accepted_add_1\" type=\"checkbox\" \/><\/td><\/tr><tr><td><strong>uvc<\/strong><\/td><td>Cookie Marketing<\/td><td>Voir politique : https:\/\/www.addtoany.com\/buttons\/faq\/#gdpr et https:\/\/www.addtoany.com\/privacy<\/td><td>1 jour<\/td><td>Addtoany.com<\/td><\/tr><tr><td><strong>ANID, NID<\/strong><\/td><td>Cookie Marketing<\/td><td>Pour compter les utilisateurs qui utilisent Google Maps.<\/td><td>6 mois<\/td><td>Google Maps<\/td><td><input id=\"cookies_accepted_google1\" checked=\"checked\" disabled=\"disabled\" type=\"checkbox\" \/>\u00a0Cookie n\u00e9cessaire<\/td><\/tr><tr><td><strong>CONSENT<\/strong><\/td><td>Cookie Marketing<\/td><td>Cookie technique contr\u00f4lant l&#8217;acceptation des cookies.<\/td><td>Permanente<\/td><td>google.com<\/td><td><input id=\"cookies_accepted_google2\" checked=\"checked\" disabled=\"disabled\" type=\"checkbox\" \/>\u00a0Cookie n\u00e9cessaire<\/td><\/tr><tr><td><strong>DV<\/strong><\/td><td>Cookie Marketing<\/td><td>Utilis\u00e9 par Google pour fournir des services et obtenir des informations anonymes.<\/td><td>24 heures<\/td><td>google.com<\/td><td><input id=\"cookies_accepted_google3\" checked=\"checked\" disabled=\"disabled\" type=\"checkbox\" \/>\u00a0Cookie n\u00e9cessaire<\/td><\/tr><tr><td><strong>1P_JAR<\/strong><\/td><td>Cookie Marketing<\/td><td>Pour personnaliser les annonces selon les int\u00e9r\u00eats.<\/td><td>1 mois<\/td><td>google.com<\/td><td><input id=\"cookies_accepted_google4\" checked=\"checked\" disabled=\"disabled\" type=\"checkbox\" \/>\u00a0Cookie n\u00e9cessaire<\/td><\/tr><\/tbody><\/table><\/div>\t\t\t\t\t\t\t\t<\/div>\n\t\t\t\t<\/div>\n\t\t\t\t\t<\/div>\n\t\t\t\t<\/div>\n\t\t\t\t<\/div>\n\t\t","protected":false},"excerpt":{"rendered":"<p>Politique des cookies Les cookies sont des identifiants que nous envoyons sur le disque dur de votre ordinateur via votre navigateur web afin que nos syst\u00e8mes puissent reconna\u00eetre votre navigateur et vous offrir certains services. En g\u00e9n\u00e9ral, ces technologies peuvent servir \u00e0 diverses finalit\u00e9s, comme vous reconna\u00eetre en tant qu&#8217;utilisateur, obtenir des informations sur vos [&hellip;]<\/p>\n","protected":false},"author":2,"featured_media":0,"parent":0,"menu_order":0,"comment_status":"closed","ping_status":"closed","template":"elementor_header_footer","meta":{"footnotes":""},"class_list":["post-7663","page","type-page","status-publish","hentry"],"_links":{"self":[{"href":"https:\/\/inmobrisa.com\/fr\/wp-json\/wp\/v2\/pages\/7663","targetHints":{"allow":["GET"]}}],"collection":[{"href":"https:\/\/inmobrisa.com\/fr\/wp-json\/wp\/v2\/pages"}],"about":[{"href":"https:\/\/inmobrisa.com\/fr\/wp-json\/wp\/v2\/types\/page"}],"author":[{"embeddable":true,"href":"https:\/\/inmobrisa.com\/fr\/wp-json\/wp\/v2\/users\/2"}],"replies":[{"embeddable":true,"href":"https:\/\/inmobrisa.com\/fr\/wp-json\/wp\/v2\/comments?post=7663"}],"version-history":[{"count":10,"href":"https:\/\/inmobrisa.com\/fr\/wp-json\/wp\/v2\/pages\/7663\/revisions"}],"predecessor-version":[{"id":244266,"href":"https:\/\/inmobrisa.com\/fr\/wp-json\/wp\/v2\/pages\/7663\/revisions\/244266"}],"wp:attachment":[{"href":"https:\/\/inmobrisa.com\/fr\/wp-json\/wp\/v2\/media?parent=7663"}],"curies":[{"name":"wp","href":"https:\/\/api.w.org\/{rel}","templated":true}]}}