{"id":7605,"date":"2024-12-03T18:11:23","date_gmt":"2024-12-03T17:11:23","guid":{"rendered":"https:\/\/inmobrisa.com\/testimonios\/"},"modified":"2025-09-26T13:53:02","modified_gmt":"2025-09-26T11:53:02","slug":"testymonia","status":"publish","type":"page","link":"https:\/\/inmobrisa.com\/pl\/testymonia\/","title":{"rendered":"TESTYMONIA"},"content":{"rendered":"\t\t<div data-elementor-type=\"wp-page\" data-elementor-id=\"7605\" class=\"elementor elementor-7605 elementor-4423\">\n\t\t\t\t<div class=\"elementor-element elementor-element-a444dec e-con-full e-flex e-con e-parent\" data-id=\"a444dec\" data-element_type=\"container\">\n\t\t<div class=\"elementor-element elementor-element-121253d e-con-full e-flex e-con e-child\" data-id=\"121253d\" data-element_type=\"container\" data-settings=\"{&quot;background_background&quot;:&quot;classic&quot;}\">\n\t\t\t\t<div class=\"elementor-element elementor-element-d37140c elementor-widget elementor-widget-heading\" data-id=\"d37140c\" data-element_type=\"widget\" data-widget_type=\"heading.default\">\n\t\t\t\t<div class=\"elementor-widget-container\">\n\t\t\t\t\t<h2 class=\"elementor-heading-title elementor-size-default\">Testymonia<\/h2>\t\t\t\t<\/div>\n\t\t\t\t<\/div>\n\t\t\t\t<div class=\"elementor-element elementor-element-5416d44 elementor-widget elementor-widget-heading\" data-id=\"5416d44\" data-element_type=\"widget\" data-widget_type=\"heading.default\">\n\t\t\t\t<div class=\"elementor-widget-container\">\n\t\t\t\t\t<h2 class=\"elementor-heading-title elementor-size-default\">Opinie, kt\u00f3re potwierdzaj\u0105 nasz\u0105 prac\u0119 w bran\u017cy nieruchomo\u015bci<\/h2>\t\t\t\t<\/div>\n\t\t\t\t<\/div>\n\t\t\t\t<\/div>\n\t\t\t\t<\/div>\n\t\t<div class=\"elementor-element elementor-element-3d49a47 e-flex e-con-boxed e-con e-parent\" data-id=\"3d49a47\" data-element_type=\"container\">\n\t\t\t\t\t<div class=\"e-con-inner\">\n\t\t\t\t<div class=\"elementor-element elementor-element-ba7ff62 elementor-widget elementor-widget-heading\" data-id=\"ba7ff62\" data-element_type=\"widget\" data-widget_type=\"heading.default\">\n\t\t\t\t<div class=\"elementor-widget-container\">\n\t\t\t\t\t<h2 class=\"elementor-heading-title elementor-size-default\">S\u0142owa naszych klient\u00f3w: nasza najlepsza wizyt\u00f3wka<\/h2>\t\t\t\t<\/div>\n\t\t\t\t<\/div>\n\t\t\t\t<div class=\"elementor-element elementor-element-d367309 elementor-widget elementor-widget-text-editor\" data-id=\"d367309\" data-element_type=\"widget\" data-widget_type=\"text-editor.default\">\n\t\t\t\t<div class=\"elementor-widget-container\">\n\t\t\t\t\t\t\t\t\t<p>W naszej agencji nieruchomo\u015bci zaufanie i do\u015bwiadczenie s\u0105 fundamentalnymi filarami naszej pracy. Ka\u017cda recenzja, kt\u00f3r\u0105 dzielimy si\u0119, odzwierciedla nasze zaanga\u017cowanie w potrzeby naszych klient\u00f3w.<\/p><p>Jeste\u015bmy dumni, \u017ce byli\u015bmy cz\u0119\u015bci\u0105 ich historii, pomagaj\u0105c im znale\u017a\u0107 dom lub inwestycj\u0119, o kt\u00f3rej marzyli. Dzi\u0119kujemy za zaufanie; ich s\u0142owa inspiruj\u0105 nas do ci\u0105g\u0142ego doskonalenia ka\u017cdego dnia.<\/p>\t\t\t\t\t\t\t\t<\/div>\n\t\t\t\t<\/div>\n\t\t\t\t\t<\/div>\n\t\t\t\t<\/div>\n\t\t<div class=\"elementor-element elementor-element-fa77360 e-flex e-con-boxed e-con e-parent\" data-id=\"fa77360\" data-element_type=\"container\">\n\t\t\t\t\t<div class=\"e-con-inner\">\n\t\t\t\t<div class=\"elementor-element elementor-element-2d5b782 elementor-widget elementor-widget-html\" data-id=\"2d5b782\" data-element_type=\"widget\" data-widget_type=\"html.default\">\n\t\t\t\t<div class=\"elementor-widget-container\">\n\t\t\t\t\t<script src=\"https:\/\/static.elfsight.com\/platform\/platform.js\" async><\/script>\r\n<div class=\"elfsight-app-e195982c-1191-4904-9dd4-e7ca7ec85802\" data-elfsight-app-lazy><\/div>\t\t\t\t<\/div>\n\t\t\t\t<\/div>\n\t\t\t\t\t<\/div>\n\t\t\t\t<\/div>\n\t\t\t\t<\/div>\n\t\t","protected":false},"excerpt":{"rendered":"<p>Testymonia Opinie, kt\u00f3re potwierdzaj\u0105 nasz\u0105 prac\u0119 w bran\u017cy nieruchomo\u015bci S\u0142owa naszych klient\u00f3w: nasza najlepsza wizyt\u00f3wka W naszej agencji nieruchomo\u015bci zaufanie i do\u015bwiadczenie s\u0105 fundamentalnymi filarami naszej pracy. Ka\u017cda recenzja, kt\u00f3r\u0105 dzielimy si\u0119, odzwierciedla nasze zaanga\u017cowanie w potrzeby naszych klient\u00f3w. Jeste\u015bmy dumni, \u017ce byli\u015bmy cz\u0119\u015bci\u0105 ich historii, pomagaj\u0105c im znale\u017a\u0107 dom lub inwestycj\u0119, o kt\u00f3rej marzyli. [&hellip;]<\/p>\n","protected":false},"author":2,"featured_media":0,"parent":0,"menu_order":0,"comment_status":"closed","ping_status":"closed","template":"elementor_header_footer","meta":{"footnotes":""},"class_list":["post-7605","page","type-page","status-publish","hentry"],"_links":{"self":[{"href":"https:\/\/inmobrisa.com\/pl\/wp-json\/wp\/v2\/pages\/7605","targetHints":{"allow":["GET"]}}],"collection":[{"href":"https:\/\/inmobrisa.com\/pl\/wp-json\/wp\/v2\/pages"}],"about":[{"href":"https:\/\/inmobrisa.com\/pl\/wp-json\/wp\/v2\/types\/page"}],"author":[{"embeddable":true,"href":"https:\/\/inmobrisa.com\/pl\/wp-json\/wp\/v2\/users\/2"}],"replies":[{"embeddable":true,"href":"https:\/\/inmobrisa.com\/pl\/wp-json\/wp\/v2\/comments?post=7605"}],"version-history":[{"count":7,"href":"https:\/\/inmobrisa.com\/pl\/wp-json\/wp\/v2\/pages\/7605\/revisions"}],"predecessor-version":[{"id":12843860,"href":"https:\/\/inmobrisa.com\/pl\/wp-json\/wp\/v2\/pages\/7605\/revisions\/12843860"}],"wp:attachment":[{"href":"https:\/\/inmobrisa.com\/pl\/wp-json\/wp\/v2\/media?parent=7605"}],"curies":[{"name":"wp","href":"https:\/\/api.w.org\/{rel}","templated":true}]}}