{"id":7660,"date":"2024-12-10T18:47:52","date_gmt":"2024-12-10T17:47:52","guid":{"rendered":"https:\/\/inmobrisa.com\/aviso-legal\/"},"modified":"2025-03-13T12:10:56","modified_gmt":"2025-03-13T11:10:56","slug":"nota-prawna","status":"publish","type":"page","link":"https:\/\/inmobrisa.com\/pl\/nota-prawna\/","title":{"rendered":"Nota Prawna"},"content":{"rendered":"\t\t<div data-elementor-type=\"wp-page\" data-elementor-id=\"7660\" class=\"elementor elementor-7660 elementor-4794\">\n\t\t\t\t<div class=\"elementor-element elementor-element-cf7835a e-flex e-con-boxed e-con e-parent\" data-id=\"cf7835a\" data-element_type=\"container\">\n\t\t\t\t\t<div class=\"e-con-inner\">\n\t\t\t\t<div class=\"elementor-element elementor-element-dde72b4 elementor-widget elementor-widget-heading\" data-id=\"dde72b4\" data-element_type=\"widget\" data-widget_type=\"heading.default\">\n\t\t\t\t<div class=\"elementor-widget-container\">\n\t\t\t\t\t<h2 class=\"elementor-heading-title elementor-size-default\">LEGAL NOTICE<\/h2>\t\t\t\t<\/div>\n\t\t\t\t<\/div>\n\t\t\t\t<div class=\"elementor-element elementor-element-95f0676 elementor-widget elementor-widget-text-editor\" data-id=\"95f0676\" data-element_type=\"widget\" data-widget_type=\"text-editor.default\">\n\t\t\t\t<div class=\"elementor-widget-container\">\n\t\t\t\t\t\t\t\t\t<p>W celu spe\u0142nienia wymaga\u0144 art. 10 ustawy 34\/2002 o us\u0142ugach spo\u0142ecze\u0144stwa informacyjnego i handlu elektronicznego informujemy u\u017cytkownika o naszych danych:<\/p><p>Nazwa firmy: Diego Montes S\u00e1nchez, CIF\/NIF: 48.373.899T. Nazwa handlowa: Inmobrisa Benidorm. Adres siedziby: Av. Alfonso Puchades, 21 &#8211; L-2, Benidorm, Alicante. Telefon: 96 506 44 44. E-mail: info@inmobrisa.com &#8211; Dane rejestracyjne: Strona internetowa: www.inmobrisa.com<\/p><h3>Cel<\/h3><p>Dostawca, b\u0119d\u0105cy odpowiedzialnym za stron\u0119 internetow\u0105, udost\u0119pnia u\u017cytkownikom niniejszy dokument w celu spe\u0142nienia obowi\u0105zk\u00f3w wynikaj\u0105cych z ustawy 34\/2002 o us\u0142ugach spo\u0142ecze\u0144stwa informacyjnego i handlu elektronicznego (LSSI-CE), a tak\u017ce poinformowania wszystkich u\u017cytkownik\u00f3w strony o warunkach jej u\u017cytkowania.<\/p><p>Ka\u017cda osoba korzystaj\u0105ca z tej strony internetowej przyjmuje rol\u0119 u\u017cytkownika, zobowi\u0105zuj\u0105c si\u0119 do \u015bcis\u0142ego przestrzegania zapis\u00f3w zawartych w niniejszym dokumencie, jak r\u00f3wnie\u017c innych obowi\u0105zuj\u0105cych przepis\u00f3w prawa.<\/p><p>Dostawca zastrzega sobie prawo do wprowadzania zmian wszelkich informacji zawartych na stronie internetowej, bez konieczno\u015bci wcze\u015bniejszego informowania u\u017cytkownik\u00f3w; wystarczaj\u0105c\u0105 form\u0105 powiadomienia jest publikacja zmian na stronie internetowej dostawcy.<\/p><h3>Odpowiedzialno\u015b\u0107<\/h3><p>Dostawca nie ponosi odpowiedzialno\u015bci za informacje zamieszczone na stronie internetowej, je\u015bli informacje te zosta\u0142y zmienione lub wprowadzone przez osoby trzecie niepowi\u0105zane z dostawc\u0105.<\/p><p>Strona internetowa dostawcy mo\u017ce wykorzystywa\u0107 pliki cookie (ma\u0142e pliki informacji wysy\u0142ane przez serwer do komputera osoby korzystaj\u0105cej ze strony) w celu realizacji niekt\u00f3rych funkcji niezb\u0119dnych do prawid\u0142owego dzia\u0142ania i wy\u015bwietlania strony. Pliki cookie wykorzystywane na stronie internetowej maj\u0105 charakter tymczasowy, ich jedynym celem jest usprawnienie dalszego przesy\u0142ania danych i znikaj\u0105 po zako\u0144czeniu sesji u\u017cytkownika. W \u017cadnym przypadku pliki cookie nie b\u0119d\u0105 wykorzystywane do zbierania informacji o charakterze osobistym.<\/p><p>Strona internetowa mo\u017ce zawiera\u0107 przekierowania do tre\u015bci znajduj\u0105cych si\u0119 na stronach os\u00f3b trzecich. Poniewa\u017c dostawca nie ma zawsze mo\u017cliwo\u015bci kontrolowania tre\u015bci wprowadzanych przez osoby trzecie, nie ponosi odpowiedzialno\u015bci za te tre\u015bci. W przypadku stwierdzenia, \u017ce tre\u015bci naruszaj\u0105 przepisy prawa krajowego lub mi\u0119dzynarodowego, moralno\u015b\u0107 lub porz\u0105dek publiczny, dostawca zobowi\u0105zuje si\u0119 do ich natychmiastowego usuni\u0119cia oraz poinformowania o tym fakcie odpowiednich organ\u00f3w.<\/p><p><strong>Dostawca nie odpowiada za informacje i tre\u015bci przechowywane m.in. na forach, czatach, blogach, w komentarzach, serwisach spo\u0142eczno\u015bciowych lub innych \u015brodkach umo\u017cliwiaj\u0105cych osobom trzecim samodzielne publikowanie tre\u015bci na stronie internetowej dostawcy. Jednak zgodnie z art. 11 i 16 ustawy LSSI-CE, dostawca jest do dyspozycji wszystkich u\u017cytkownik\u00f3w, organ\u00f3w i s\u0142u\u017cb bezpiecze\u0144stwa, aktywnie wsp\u00f3\u0142pracuj\u0105c przy usuwaniu lub blokowaniu tre\u015bci, kt\u00f3re mog\u0142yby narusza\u0107 przepisy prawa krajowego lub mi\u0119dzynarodowego, prawa os\u00f3b trzecich, moralno\u015b\u0107 lub porz\u0105dek publiczny. Je\u015bli u\u017cytkownik uzna, \u017ce na stronie internetowej znajduj\u0105 si\u0119 tre\u015bci mog\u0105ce narusza\u0107 powy\u017csze zapisy, prosimy o niezw\u0142oczny kontakt z administratorem strony.<\/strong><\/p><p>Strona internetowa zosta\u0142a przetestowana i powinna dzia\u0142a\u0107 poprawnie przez 365 dni w roku, 24 godziny na dob\u0119. Dostawca nie wyklucza jednak mo\u017cliwo\u015bci wyst\u0105pienia b\u0142\u0119d\u00f3w programistycznych lub zdarze\u0144 spowodowanych si\u0142\u0105 wy\u017csz\u0105, katastrofami naturalnymi, strajkami lub podobnymi okoliczno\u015bciami uniemo\u017cliwiaj\u0105cymi dost\u0119p do strony.<\/p><h3>W\u0142asno\u015b\u0107 intelektualna i przemys\u0142owa<\/h3><p>Strona internetowa, w tym mi\u0119dzy innymi jej programowanie, edycja, kompilacja oraz inne elementy niezb\u0119dne do jej funkcjonowania, projekty, logotypy, teksty i\/lub grafiki, stanowi\u0105 w\u0142asno\u015b\u0107 dostawcy lub posiada on odpowiednie licencje i wyra\u017ane zgody autor\u00f3w. Wszystkie tre\u015bci strony s\u0105 chronione przepisami prawa w\u0142asno\u015bci intelektualnej i przemys\u0142owej oraz wpisane do odpowiednich rejestr\u00f3w publicznych.<\/p><p>Niezale\u017cnie od przeznaczenia, ca\u0142kowite lub cz\u0119\u015bciowe powielanie, wykorzystywanie, rozpowszechnianie oraz komercjalizacja wymagaj\u0105 wcze\u015bniejszej pisemnej zgody dostawcy. Ka\u017cde nieautoryzowane u\u017cycie b\u0119dzie traktowane jako powa\u017cne naruszenie praw w\u0142asno\u015bci intelektualnej lub przemys\u0142owej autora.<\/p><p>Projekty, logotypy, teksty i\/lub grafiki os\u00f3b trzecich, kt\u00f3re mog\u0105 pojawi\u0107 si\u0119 na stronie internetowej, nale\u017c\u0105 do ich w\u0142a\u015bcicieli, kt\u00f3rzy ponosz\u0105 odpowiedzialno\u015b\u0107 za wszelkie spory mog\u0105ce wynikn\u0105\u0107 z ich u\u017cycia. Dostawca posiada w ka\u017cdym przypadku uprzedni\u0105 wyra\u017an\u0105 zgod\u0119 tych w\u0142a\u015bcicieli.<\/p><p>Dostawca NIE WYRA\u017bA zgody na bezpo\u015brednie przekierowywanie przez osoby trzecie do konkretnych tre\u015bci strony internetowej, wymagaj\u0105c w ka\u017cdym przypadku przekierowania do strony g\u0142\u00f3wnej dostawcy.<\/p><p>Dostawca uznaje prawa w\u0142asno\u015bci intelektualnej i przemys\u0142owej ich w\u0142a\u015bcicieli, a ich wzmianka lub pojawienie si\u0119 na stronie nie oznacza istnienia jakichkolwiek praw lub odpowiedzialno\u015bci dostawcy, ani jego poparcia, sponsorowania czy rekomendacji.<\/p><p>W przypadku zauwa\u017cenia mo\u017cliwych narusze\u0144 praw w\u0142asno\u015bci intelektualnej lub przemys\u0142owej lub tre\u015bci strony internetowej, mo\u017cna skontaktowa\u0107 si\u0119 z nami za po\u015brednictwem nast\u0119puj\u0105cego adresu e-mail.<\/p><h3>Prawa w\u0142a\u015bciwe i jurysdykcja<\/h3><p>Do rozstrzygania wszelkich spor\u00f3w lub kwestii zwi\u0105zanych z niniejsz\u0105 stron\u0105 internetow\u0105 lub prowadzon\u0105 na niej dzia\u0142alno\u015bci\u0105 b\u0119dzie stosowane prawo hiszpa\u0144skie. Strony poddaj\u0105 si\u0119 jurysdykcji s\u0105d\u00f3w w\u0142a\u015bciwych dla Benidormu, kt\u00f3re s\u0105 kompetentne do rozstrzygania wszelkich spor\u00f3w wynikaj\u0105cych z u\u017cytkowania strony lub z nim zwi\u0105zanych.<\/p>\t\t\t\t\t\t\t\t<\/div>\n\t\t\t\t<\/div>\n\t\t\t\t\t<\/div>\n\t\t\t\t<\/div>\n\t\t\t\t<\/div>\n\t\t","protected":false},"excerpt":{"rendered":"<p>LEGAL NOTICE W celu spe\u0142nienia wymaga\u0144 art. 10 ustawy 34\/2002 o us\u0142ugach spo\u0142ecze\u0144stwa informacyjnego i handlu elektronicznego informujemy u\u017cytkownika o naszych danych: Nazwa firmy: Diego Montes S\u00e1nchez, CIF\/NIF: 48.373.899T. Nazwa handlowa: Inmobrisa Benidorm. Adres siedziby: Av. Alfonso Puchades, 21 &#8211; L-2, Benidorm, Alicante. Telefon: 96 506 44 44. E-mail: info@inmobrisa.com &#8211; Dane rejestracyjne: Strona internetowa: [&hellip;]<\/p>\n","protected":false},"author":2,"featured_media":0,"parent":0,"menu_order":0,"comment_status":"closed","ping_status":"closed","template":"elementor_header_footer","meta":{"footnotes":""},"class_list":["post-7660","page","type-page","status-publish","hentry"],"_links":{"self":[{"href":"https:\/\/inmobrisa.com\/pl\/wp-json\/wp\/v2\/pages\/7660","targetHints":{"allow":["GET"]}}],"collection":[{"href":"https:\/\/inmobrisa.com\/pl\/wp-json\/wp\/v2\/pages"}],"about":[{"href":"https:\/\/inmobrisa.com\/pl\/wp-json\/wp\/v2\/types\/page"}],"author":[{"embeddable":true,"href":"https:\/\/inmobrisa.com\/pl\/wp-json\/wp\/v2\/users\/2"}],"replies":[{"embeddable":true,"href":"https:\/\/inmobrisa.com\/pl\/wp-json\/wp\/v2\/comments?post=7660"}],"version-history":[{"count":4,"href":"https:\/\/inmobrisa.com\/pl\/wp-json\/wp\/v2\/pages\/7660\/revisions"}],"predecessor-version":[{"id":244251,"href":"https:\/\/inmobrisa.com\/pl\/wp-json\/wp\/v2\/pages\/7660\/revisions\/244251"}],"wp:attachment":[{"href":"https:\/\/inmobrisa.com\/pl\/wp-json\/wp\/v2\/media?parent=7660"}],"curies":[{"name":"wp","href":"https:\/\/api.w.org\/{rel}","templated":true}]}}