{"id":7664,"date":"2024-12-10T18:56:21","date_gmt":"2024-12-10T17:56:21","guid":{"rendered":"https:\/\/inmobrisa.com\/politica-de-cookies\/"},"modified":"2025-03-17T17:09:31","modified_gmt":"2025-03-17T16:09:31","slug":"polityka-plikow-cookie","status":"publish","type":"page","link":"https:\/\/inmobrisa.com\/pl\/polityka-plikow-cookie\/","title":{"rendered":"Polityka plik\u00f3w cookie"},"content":{"rendered":"\t\t<div data-elementor-type=\"wp-page\" data-elementor-id=\"7664\" class=\"elementor elementor-7664 elementor-4799\">\n\t\t\t\t<div class=\"elementor-element elementor-element-35a4431 e-flex e-con-boxed e-con e-parent\" data-id=\"35a4431\" data-element_type=\"container\">\n\t\t\t\t\t<div class=\"e-con-inner\">\n\t\t\t\t<div class=\"elementor-element elementor-element-6baf29e elementor-widget elementor-widget-heading\" data-id=\"6baf29e\" data-element_type=\"widget\" data-widget_type=\"heading.default\">\n\t\t\t\t<div class=\"elementor-widget-container\">\n\t\t\t\t\t<h2 class=\"elementor-heading-title elementor-size-default\">Polityka plik\u00f3w cookie<\/h2>\t\t\t\t<\/div>\n\t\t\t\t<\/div>\n\t\t\t\t<div class=\"elementor-element elementor-element-c8eaae6 elementor-widget elementor-widget-text-editor\" data-id=\"c8eaae6\" data-element_type=\"widget\" data-widget_type=\"text-editor.default\">\n\t\t\t\t<div class=\"elementor-widget-container\">\n\t\t\t\t\t\t\t\t\t<p>Aqu\u00ed tienes el texto completo de la Pol\u00edtica de Cookies traducido al polaco, respetando las etiquetas HTML y listo para copiar y pegar:<\/p><div>Pliki cookies to identyfikatory, kt\u00f3re przesy\u0142amy na dysk twardy Twojego komputera za po\u015brednictwem przegl\u0105darki internetowej, aby nasze systemy mog\u0142y rozpozna\u0107 Twoj\u0105 przegl\u0105dark\u0119 i oferowa\u0107 okre\u015blone us\u0142ugi. Og\u00f3lnie technologie te mog\u0105 s\u0142u\u017cy\u0107 do r\u00f3\u017cnych cel\u00f3w, takich jak rozpoznanie Ciebie jako u\u017cytkownika, uzyskanie informacji o Twoich nawykach przegl\u0105dania czy personalizacja sposobu wy\u015bwietlania tre\u015bci. Niniejsza strona u\u017cywa r\u00f3\u017cnych typ\u00f3w plik\u00f3w cookies. Niekt\u00f3re cookies s\u0105 umieszczane przez us\u0142ugi os\u00f3b trzecich, kt\u00f3re pojawiaj\u0105 si\u0119 na naszych stronach. Cookies mog\u0105 by\u0107:<h3>Cookies preferencyjne<\/h3><p>Cookies preferencyjne pozwalaj\u0105 witrynie zapami\u0119ta\u0107 informacje, kt\u00f3re zmieniaj\u0105 spos\u00f3b jej dzia\u0142ania lub wygl\u0105d, takie jak preferowany j\u0119zyk czy region, w kt\u00f3rym si\u0119 znajdujesz.<\/p><h3>Cookies statystyczne<\/h3><p>Cookies statystyczne pomagaj\u0105 w\u0142a\u015bcicielom witryn internetowych zrozumie\u0107, jak odwiedzaj\u0105cy wchodz\u0105 w interakcje ze stronami internetowymi, zbieraj\u0105c i dostarczaj\u0105c informacje anonimowo. Aby wy\u0142\u0105czy\u0107 pliki cookies Google Analytics, mo\u017cesz zainstalowa\u0107 dodatek blokuj\u0105cy Google Analytics dost\u0119pny pod poni\u017cszym linkiem: https:\/\/tools.google.com\/dlpage\/gaoptout?hl=pl<\/p><h3>Cookies marketingowe<\/h3><p>Cookies marketingowe s\u0142u\u017c\u0105 do \u015bledzenia odwiedzaj\u0105cych na stronach internetowych. Ich celem jest wy\u015bwietlanie reklam istotnych i atrakcyjnych dla indywidualnego u\u017cytkownika, a tym samym bardziej warto\u015bciowych dla wydawc\u00f3w i zewn\u0119trznych reklamodawc\u00f3w.<\/p><h4><strong>JAK WY\u0141\u0104CZY\u0106 COOKIES W NAJPOPULARNIEJSZYCH PRZEGL\u0104DARKACH:<\/strong><\/h4><p>Zazwyczaj mo\u017cesz przesta\u0107 akceptowa\u0107 cookies przegl\u0105darki lub cookies okre\u015blonej us\u0142ugi.<\/p><p>Wszystkie nowoczesne przegl\u0105darki umo\u017cliwiaj\u0105 zmian\u0119 ustawie\u0144 cookies. Te ustawienia s\u0105 zazwyczaj dost\u0119pne w menu &#8220;Opcje&#8221; lub &#8220;Preferencje&#8221; przegl\u0105darki. Mo\u017cesz tak\u017ce skonfigurowa\u0107 swoj\u0105 przegl\u0105dark\u0119 lub klienta poczty e-mail.<\/p><p>Poni\u017cej znajdziesz wskaz\u00f3wki, jak uzyska\u0107 dost\u0119p do ustawie\u0144 cookies i, w razie potrzeby, do trybu przegl\u0105dania prywatnego w ka\u017cdej z popularnych przegl\u0105darek:<\/p><p>Internet Explorer: Narz\u0119dzia -&gt; Opcje internetowe -&gt; Prywatno\u015b\u0107 -&gt; Ustawienia. Wi\u0119cej informacji znajdziesz w pomocy Microsoft lub w pomocy przegl\u0105darki.<\/p><p>Firefox: Narz\u0119dzia -&gt; Opcje -&gt; Prywatno\u015b\u0107 -&gt; Historia -&gt; Ustawienia u\u017cytkownika. Wi\u0119cej informacji znajdziesz w pomocy Mozilla lub w pomocy przegl\u0105darki.<\/p><p>Chrome: Ustawienia -&gt; Zaawansowane -&gt; Prywatno\u015b\u0107 -&gt; Ustawienia tre\u015bci. Wi\u0119cej informacji znajdziesz w pomocy Google lub w pomocy przegl\u0105darki.<\/p><p>Safari: Preferencje -&gt; Bezpiecze\u0144stwo. Wi\u0119cej informacji znajdziesz w pomocy Apple lub w pomocy przegl\u0105darki.<\/p><p>Co si\u0119 stanie, je\u015bli wy\u0142\u0105czysz cookies?<\/p><p>Niekt\u00f3re funkcje us\u0142ug zostan\u0105 wy\u0142\u0105czone.<\/p><\/div><div><h3><u>U\u017cywane pliki cookies:<\/u><\/h3><p>Poni\u017cej wymieniamy cookies u\u017cywane na stronie:<\/p><table border=\"0px\" cellspacing=\"0px\" cellpadding=\"0px\"><tbody><tr><td><strong>Nazwa<\/strong><\/td><td><strong>Typ<\/strong><\/td><td><strong>Opis\/Cel<\/strong><\/td><td><strong>Czas trwania<\/strong><\/td><td><strong>W\u0142a\u015bciciel<\/strong><\/td><td><strong>Akceptuj<\/strong><\/td><\/tr><tr><td><strong>cookies_accepted,<br \/>cookies_accepted_vdf,<br \/>cookies_accepted_add_1, cookies_accepted_metric, cookies_accepted_google<\/strong><\/td><td>Techniczne<\/td><td>W\u0142\u0105czanie\/wy\u0142\u0105czanie paska informacyjnego o cookies.<\/td><td>1 rok od rozpocz\u0119cia, sesja przegl\u0105darki.<\/td><td>Inmovilla<\/td><td><input id=\"cookies_accepted_ca\" checked=\"checked\" disabled=\"disabled\" type=\"checkbox\" \/>\u00a0Cookie niezb\u0119dny<\/td><\/tr><tr><td><strong>PHPSESSID<\/strong><\/td><td>Techniczne<\/td><td>Informacja o logowaniu, przyspiesza wczytywanie strony.<\/td><td>Sesja<\/td><td>Inmovilla<\/td><td><input id=\"cookies_accepted_phpsid\" checked=\"checked\" disabled=\"disabled\" type=\"checkbox\" \/>\u00a0Cookie niezb\u0119dny<\/td><\/tr><tr><td><strong>vistas,<br \/>favoritas,<br \/>descartadas<\/strong><\/td><td>Cookies preferencyjne<\/td><td>Zapami\u0119tuj\u0105 ogl\u0105dane, odrzucone lub ulubione nieruchomo\u015bci.<\/td><td>Sesja<\/td><td>Inmovilla<\/td><td><input id=\"cookies_accepted_vdf\" type=\"checkbox\" \/><\/td><\/tr><\/tbody><\/table><h3><u>Cookies stron trzecich:<\/u><\/h3><table border=\"0px\" cellspacing=\"0px\" cellpadding=\"0px\"><tbody><tr><td><strong>Nazwa<\/strong><\/td><td><strong>Typ<\/strong><\/td><td><strong>Opis\/Cel<\/strong><\/td><td><strong>Czas trwania<\/strong><\/td><td><strong>W\u0142a\u015bciciel<\/strong><\/td><td><strong>Akceptuj<\/strong><\/td><\/tr><tr><td><strong>__cfduid<\/strong><\/td><td>Techniczne<\/td><td>Ustawiana przez CloudFlare do identyfikacji zaufanego ruchu internetowego. Nie przechowuje danych osobowych.<\/td><td>1 rok od rozpocz\u0119cia sesji<\/td><td>CloudFlare<\/td><td rowspan=\"2\"><input id=\"cookies_accepted_add_1\" type=\"checkbox\" \/><\/td><\/tr><tr><td><strong>uvc<\/strong><\/td><td>Marketingowe<\/td><td>Zobacz polityk\u0119: https:\/\/www.addtoany.com\/buttons\/faq\/#gdpr oraz https:\/\/www.addtoany.com\/privacy<\/td><td>1 dzie\u0144<\/td><td>Addtoany.com<\/td><\/tr><tr><td><strong>ANID, NID<\/strong><\/td><td>Marketingowe<\/td><td>Zliczanie przez Google liczby u\u017cytkownik\u00f3w u\u017cywaj\u0105cych map.<\/td><td>6 miesi\u0119cy<\/td><td>Google Maps<\/td><td><input id=\"cookies_accepted_google1\" checked=\"checked\" disabled=\"disabled\" type=\"checkbox\" \/>\u00a0Cookie niezb\u0119dny<\/td><\/tr><tr><td><strong>CONSENT<\/strong><\/td><td>Marketingowe<\/td><td>Cookie techniczny do zarz\u0105dzania akceptacj\u0105 cookies.<\/td><td>Sta\u0142e<\/td><td>google.com<\/td><td><input id=\"cookies_accepted_google2\" checked=\"checked\" disabled=\"disabled\" type=\"checkbox\" \/>\u00a0Cookie niezb\u0119dny<\/td><\/tr><tr><td><strong>DV<\/strong><\/td><td>Marketingowe<\/td><td>U\u017cywane przez Google do \u015bwiadczenia us\u0142ug i pozyskiwania anonimowych informacji o przegl\u0105daniu.<\/td><td>24 godziny<\/td><td>google.com<\/td><td><input id=\"cookies_accepted_google3\" checked=\"checked\" disabled=\"disabled\" type=\"checkbox\" \/>\u00a0Cookie niezb\u0119dny<\/td><\/tr><tr><td><strong>1P_JAR<\/strong><\/td><td>Marketingowe<\/td><td>Personalizowanie reklam na podstawie zainteresowa\u0144 u\u017cytkownika.<\/td><td>1 miesi\u0105c<\/td><td>google.com<\/td><td><input id=\"cookies_accepted_google4\" checked=\"checked\" disabled=\"disabled\" type=\"checkbox\" \/>\u00a0Cookie niezb\u0119dny<\/td><\/tr><\/tbody><\/table><\/div>\t\t\t\t\t\t\t\t<\/div>\n\t\t\t\t<\/div>\n\t\t\t\t\t<\/div>\n\t\t\t\t<\/div>\n\t\t\t\t<\/div>\n\t\t","protected":false},"excerpt":{"rendered":"<p>Polityka plik\u00f3w cookie Aqu\u00ed tienes el texto completo de la Pol\u00edtica de Cookies traducido al polaco, respetando las etiquetas HTML y listo para copiar y pegar: Pliki cookies to identyfikatory, kt\u00f3re przesy\u0142amy na dysk twardy Twojego komputera za po\u015brednictwem przegl\u0105darki internetowej, aby nasze systemy mog\u0142y rozpozna\u0107 Twoj\u0105 przegl\u0105dark\u0119 i oferowa\u0107 okre\u015blone us\u0142ugi. Og\u00f3lnie technologie te [&hellip;]<\/p>\n","protected":false},"author":2,"featured_media":0,"parent":0,"menu_order":0,"comment_status":"closed","ping_status":"closed","template":"elementor_header_footer","meta":{"footnotes":""},"class_list":["post-7664","page","type-page","status-publish","hentry"],"_links":{"self":[{"href":"https:\/\/inmobrisa.com\/pl\/wp-json\/wp\/v2\/pages\/7664","targetHints":{"allow":["GET"]}}],"collection":[{"href":"https:\/\/inmobrisa.com\/pl\/wp-json\/wp\/v2\/pages"}],"about":[{"href":"https:\/\/inmobrisa.com\/pl\/wp-json\/wp\/v2\/types\/page"}],"author":[{"embeddable":true,"href":"https:\/\/inmobrisa.com\/pl\/wp-json\/wp\/v2\/users\/2"}],"replies":[{"embeddable":true,"href":"https:\/\/inmobrisa.com\/pl\/wp-json\/wp\/v2\/comments?post=7664"}],"version-history":[{"count":7,"href":"https:\/\/inmobrisa.com\/pl\/wp-json\/wp\/v2\/pages\/7664\/revisions"}],"predecessor-version":[{"id":244269,"href":"https:\/\/inmobrisa.com\/pl\/wp-json\/wp\/v2\/pages\/7664\/revisions\/244269"}],"wp:attachment":[{"href":"https:\/\/inmobrisa.com\/pl\/wp-json\/wp\/v2\/media?parent=7664"}],"curies":[{"name":"wp","href":"https:\/\/api.w.org\/{rel}","templated":true}]}}