{"id":7803,"date":"2025-01-24T00:56:58","date_gmt":"2025-01-23T23:56:58","guid":{"rendered":"https:\/\/inmobrisa.com\/mapa-del-sitio\/"},"modified":"2025-01-24T13:48:48","modified_gmt":"2025-01-24T12:48:48","slug":"mapa-serwisu","status":"publish","type":"page","link":"https:\/\/inmobrisa.com\/pl\/mapa-serwisu\/","title":{"rendered":"Mapa serwisu"},"content":{"rendered":"<div class=\"sitemap-personalizado\"><h2>Strony<\/h2><ul><ul><li><a href=\"https:\/\/inmobrisa.com\/pl\/o-nas\/\">O nas<\/a><\/li><li><a href=\"https:\/\/inmobrisa.com\/pl\/uslugi\/\">US\u0141UGI<\/a><\/li><li><a href=\"https:\/\/inmobrisa.com\/pl\/mapa-serwisu\/\">Mapa serwisu<\/a><\/li><li><a href=\"https:\/\/inmobrisa.com\/pl\/testymonia\/\">TESTYMONIA<\/a><\/li><li><a href=\"https:\/\/inmobrisa.com\/pl\/kontakt\/\">Kontakt<\/a><\/li><li><a href=\"https:\/\/inmobrisa.com\/pl\/\">Start<\/a><\/li><li><a href=\"https:\/\/inmobrisa.com\/pl\/moje-ulubione\/\">Moje ulubione<\/a><\/li><li><a href=\"https:\/\/inmobrisa.com\/pl\/blog\/\">Blog<\/a><\/li><li><a href=\"https:\/\/inmobrisa.com\/pl\/nota-prawna\/\">Nota Prawna<\/a><\/li><li><a href=\"https:\/\/inmobrisa.com\/pl\/polityka-plikow-cookie\/\">Polityka plik\u00f3w cookie<\/a><\/li><li><a href=\"https:\/\/inmobrisa.com\/pl\/polityka-prywatnosci\/\">Polityka prywatno\u015bci<\/a><\/li><li><a href=\"https:\/\/inmobrisa.com\/pl\/nieruchomosci\/\">Nieruchomo\u015bci<\/a><\/li><\/ul><\/ul><h2>Wpisy<\/h2><ul><li>Brak wpis\u00f3w dost\u0119pnych w tym j\u0119zyku.<\/li><\/ul><h2>Nieruchomo\u015bci<\/h2><ul><li>Brak nieruchomo\u015bci dost\u0119pnych w tym j\u0119zyku.<\/li><\/ul><\/div>\n","protected":false},"excerpt":{"rendered":"","protected":false},"author":2,"featured_media":0,"parent":0,"menu_order":0,"comment_status":"closed","ping_status":"closed","template":"","meta":{"footnotes":""},"class_list":["post-7803","page","type-page","status-publish","hentry"],"_links":{"self":[{"href":"https:\/\/inmobrisa.com\/pl\/wp-json\/wp\/v2\/pages\/7803","targetHints":{"allow":["GET"]}}],"collection":[{"href":"https:\/\/inmobrisa.com\/pl\/wp-json\/wp\/v2\/pages"}],"about":[{"href":"https:\/\/inmobrisa.com\/pl\/wp-json\/wp\/v2\/types\/page"}],"author":[{"embeddable":true,"href":"https:\/\/inmobrisa.com\/pl\/wp-json\/wp\/v2\/users\/2"}],"replies":[{"embeddable":true,"href":"https:\/\/inmobrisa.com\/pl\/wp-json\/wp\/v2\/comments?post=7803"}],"version-history":[{"count":2,"href":"https:\/\/inmobrisa.com\/pl\/wp-json\/wp\/v2\/pages\/7803\/revisions"}],"predecessor-version":[{"id":7808,"href":"https:\/\/inmobrisa.com\/pl\/wp-json\/wp\/v2\/pages\/7803\/revisions\/7808"}],"wp:attachment":[{"href":"https:\/\/inmobrisa.com\/pl\/wp-json\/wp\/v2\/media?parent=7803"}],"curies":[{"name":"wp","href":"https:\/\/api.w.org\/{rel}","templated":true}]}}